{"id":186,"date":"2026-03-09T21:31:40","date_gmt":"2026-03-09T21:31:40","guid":{"rendered":"https:\/\/mcconseils.fr\/?page_id=186"},"modified":"2026-03-17T12:37:08","modified_gmt":"2026-03-17T12:37:08","slug":"accueil","status":"publish","type":"page","link":"https:\/\/mcconseils.fr\/uk\/","title":{"rendered":"Accueil"},"content":{"rendered":"<div class=\"et_pb_section_0 et_pb_section et_section_regular et_flex_section et_pb_section_parallax\"><span class=\"et-pb-parallax-wrapper\"><span class=\"et-pb-parallax-background et-pb-parallax-background-module--divi-section-0\" style=\"background-image:url(https:\/\/mcconseils.fr\/wp-content\/uploads\/2026\/03\/pexels-eberhardgross-1287145-scaled.jpg)\"><\/span><span class=\"et_parallax_gradient\" style=\"background-image:repeating-linear-gradient(180deg, rgba(0, 0, 0, 0.43) 0%,rgba(0, 0, 0, 0.68) 100% 100%)\"><\/span><\/span>\n<div class=\"et_pb_row_0 et_pb_row et_flex_row\">\n<div class=\"et_pb_column_0 et_pb_column et-last-child et_flex_column et_pb_css_mix_blend_mode_passthrough et_flex_column_24_24 et_flex_column_24_24_tablet et_flex_column_24_24_phone\">\n<div class=\"et_pb_text_0 et_pb_text et_pb_bg_layout_light et_pb_module et_flex_module\"><div class=\"et_pb_text_inner\"><p>MC CONSEILS<\/p>\n<\/div><\/div>\n\n<div class=\"et_pb_text_1 et_pb_text et_pb_bg_layout_light et_pb_module et_flex_module\"><div class=\"et_pb_text_inner\"><p style=\"text-align: center;\">Une approche ind\u00e9pendante au service de vos d\u00e9cisions structurantes<\/p>\n<\/div><\/div>\n\n<div class=\"et_pb_text_2 et_pb_text et_pb_bg_layout_light et_pb_module et_flex_module\"><div class=\"et_pb_text_inner\"><p>Prise de rendez-vous d\u00e8s juin 2026<\/p>\n<\/div><\/div>\n\n<div class=\"et_pb_module et_pb_button_module_wrapper et_pb_button_0_wrapper preset--module--divi-button--ab15fb74-61a3-43aa-96b3-41e09aeef654_wrapper\"><a class=\"et_pb_button_0 et_pb_button et_pb_bg_layout_light et_pb_module et_block_module preset--module--divi-button--ab15fb74-61a3-43aa-96b3-41e09aeef654\" href=\"\/expertises\">D\u00e9couvrez nos expertises<\/a><\/div>\n<\/div>\n<\/div>\n<\/div>\n\n<div class=\"et_pb_section_1 et_pb_section et_section_regular et_flex_section\">\n<div class=\"et_pb_row_1 et_pb_row et_flex_row\">\n<div class=\"et_pb_column_1 et_pb_column et_flex_column et_pb_css_mix_blend_mode_passthrough et_flex_column_12_24 et_flex_column_12_24_tablet et_flex_column_24_24_phone\">\n<div class=\"et_pb_text_3 et_pb_text et_pb_bg_layout_light et_pb_module et_flex_module\"><div class=\"et_pb_text_inner\"><p data-start=\"896\" data-end=\"1076\">MC Conseils accompagne dirigeants, entrepreneurs, familles et investisseurs dans l\u2019analyse, la pr\u00e9paration et la coordination de leurs enjeux juridiques, fiscaux et patrimoniaux.<\/p>\n<p data-start=\"1083\" data-end=\"1297\">Dans un environnement normatif complexe et \u00e9volutif, notre mission consiste \u00e0 offrir une lecture claire des situations, \u00e0 structurer les r\u00e9flexions en amont et \u00e0 faciliter la mise en \u0153uvre des solutions existantes.<\/p>\n<\/div><\/div>\n<\/div>\n\n<div class=\"et_pb_column_2 et_pb_column et-last-child et_flex_column et_pb_css_mix_blend_mode_passthrough et_flex_column_12_24 et_flex_column_12_24_tablet et_flex_column_24_24_phone\">\n<div class=\"et_pb_group_0 et_pb_group et_pb_module et_flex_group et_pb_css_mix_blend_mode_passthrough et_clickable\">\n<div class=\"et_pb_text_4 et_pb_text et_pb_bg_layout_light et_clickable et_pb_module et_flex_module\"><div class=\"et_pb_text_inner\"><p>Vision<\/p>\n<\/div><\/div>\n\n<div class=\"et_pb_icon_0 et_pb_icon et_pb_module et_flex_module\"><span class=\"et_pb_icon_wrap\"><span class=\"et-pb-icon\">$<\/span><\/span><\/div>\n<\/div>\n\n<div class=\"et_pb_group_1 et_pb_group et_pb_module et_flex_group et_pb_css_mix_blend_mode_passthrough et_clickable\">\n<div class=\"et_pb_text_5 et_pb_text et_pb_bg_layout_light et_clickable et_pb_module et_flex_module\"><div class=\"et_pb_text_inner\"><p>Expertise<\/p>\n<\/div><\/div>\n\n<div class=\"et_pb_icon_1 et_pb_icon et_pb_module et_flex_module\"><span class=\"et_pb_icon_wrap\"><span class=\"et-pb-icon\">$<\/span><\/span><\/div>\n<\/div>\n\n<div class=\"et_pb_group_2 et_pb_group et-last-child et_pb_module et_flex_group et_pb_css_mix_blend_mode_passthrough et_clickable\">\n<div class=\"et_pb_text_6 et_pb_text et_pb_bg_layout_light et_clickable et_pb_module et_flex_module\"><div class=\"et_pb_text_inner\"><p>Nous rejoindre<\/p>\n<\/div><\/div>\n\n<div class=\"et_pb_icon_2 et_pb_icon et_pb_module et_flex_module\"><span class=\"et_pb_icon_wrap\"><span class=\"et-pb-icon\">$<\/span><\/span><\/div>\n<\/div>\n<\/div>\n<\/div>\n<\/div>\n\n<div class=\"et_pb_section_2 et_pb_section et_section_regular et_flex_section et-pb-has-background-video et_pb_preload\"><span class=\"et-pb-background-video et_pb_allow_player_pause\"><video autoplay loop playsinline muted><source type=\"video\/mp4\" src=\"https:\/\/mcconseils.fr\/wp-content\/uploads\/2026\/03\/99828-video-720.mp4\" \/><\/video><\/span>\n<div class=\"et_pb_row_2 et_pb_row et_flex_row\">\n<div class=\"et_pb_column_3 et_pb_column et_flex_column et_pb_css_mix_blend_mode_passthrough et_flex_column_2_5 et_flex_column_2_5_tablet et_flex_column_24_24_phone\">\n<div class=\"et_pb_text_7 et_pb_text et_pb_bg_layout_light et_pb_module et_flex_module\"><div class=\"et_pb_text_inner\"><p>Plus que des valeurs<\/p>\n<\/div><\/div>\n<\/div>\n\n<div class=\"et_pb_column_4 et_pb_column et-last-child et_flex_column et_pb_css_mix_blend_mode_passthrough et_flex_column_3_5 et_flex_column_3_5_tablet et_flex_column_24_24_phone\">\n<div class=\"et_pb_group_3 et_pb_group et_pb_module et_flex_group et_pb_css_mix_blend_mode_passthrough\">\n<div class=\"et_pb_text_8 et_pb_text et_pb_bg_layout_light et_clickable et_pb_module et_flex_module\"><div class=\"et_pb_text_inner\"><p>Confiance<\/p>\n<\/div><\/div>\n\n<div class=\"et_pb_icon_3 et_pb_icon et_pb_module et_flex_module\"><span class=\"et_pb_icon_wrap\"><span class=\"et-pb-icon\">L<\/span><\/span><\/div>\n<\/div>\n\n<div class=\"et_pb_group_4 et_pb_group et_pb_module et_flex_group et_pb_css_mix_blend_mode_passthrough et_clickable\">\n<div class=\"et_pb_text_9 et_pb_text et_pb_bg_layout_light et_pb_module et_flex_module\"><div class=\"et_pb_text_inner\"><p>Confidentialit\u00e9<\/p>\n<\/div><\/div>\n\n<div class=\"et_pb_icon_4 et_pb_icon et_pb_module et_flex_module\"><span class=\"et_pb_icon_wrap\"><span class=\"et-pb-icon\">L<\/span><\/span><\/div>\n<\/div>\n\n<div class=\"et_pb_group_5 et_pb_group et_pb_module et_flex_group et_pb_css_mix_blend_mode_passthrough et_clickable\">\n<div class=\"et_pb_text_10 et_pb_text et_pb_bg_layout_light et_pb_module et_flex_module\"><div class=\"et_pb_text_inner\"><p>Polyvalence<\/p>\n<\/div><\/div>\n\n<div class=\"et_pb_icon_5 et_pb_icon et_pb_module et_flex_module\"><span class=\"et_pb_icon_wrap\"><span class=\"et-pb-icon\">L<\/span><\/span><\/div>\n<\/div>\n\n<div class=\"et_pb_group_6 et_pb_group et_pb_module et_flex_group et_pb_css_mix_blend_mode_passthrough et_clickable\">\n<div class=\"et_pb_text_11 et_pb_text et_pb_bg_layout_light et_pb_module et_flex_module\"><div class=\"et_pb_text_inner\"><p>R\u00e9activit\u00e9<\/p>\n<\/div><\/div>\n\n<div class=\"et_pb_icon_6 et_pb_icon et_pb_module et_flex_module\"><span class=\"et_pb_icon_wrap\"><span class=\"et-pb-icon\">L<\/span><\/span><\/div>\n<\/div>\n\n<div class=\"et_pb_group_7 et_pb_group et-last-child et_pb_module et_flex_group et_pb_css_mix_blend_mode_passthrough et_clickable\">\n<div class=\"et_pb_text_12 et_pb_text et_pb_bg_layout_light et_pb_module et_flex_module\"><div class=\"et_pb_text_inner\"><p>Clart\u00e9<\/p>\n<\/div><\/div>\n\n<div class=\"et_pb_icon_7 et_pb_icon et_pb_module et_flex_module\"><span class=\"et_pb_icon_wrap\"><span class=\"et-pb-icon\">L<\/span><\/span><\/div>\n<\/div>\n<\/div>\n<\/div>\n<\/div>\n\n<div class=\"et_pb_section_3 et_pb_section et_section_regular et_block_section\">\n<div class=\"et_pb_row_3 et_pb_row et_block_row preset--module--divi-row--5138c454-be54-4233-bd3b-f8e6a8747976\">\n<div class=\"et_pb_column_5 et_pb_column et_pb_column_4_4 et-last-child et_block_column et_pb_css_mix_blend_mode_passthrough preset--module--divi-column--73121f80-a3ef-4484-8763-c3f18e3c56d2\">\n<div class=\"et_pb_heading_0 et_pb_heading et_pb_module et_block_module preset--module--divi-heading--f0c675ea-2574-4d0e-b725-30f8550a8550\"><div class=\"et_pb_heading_container\"><h4 class=\"et_pb_module_header\">Nos Comp\u00e9tences Cl\u00e9s<\/h4><\/div><\/div>\n\n<div class=\"et_pb_heading_1 et_pb_heading et_pb_module et_block_module preset--module--divi-heading--c33f07d9-41e0-421a-8799-5799df695cce\"><div class=\"et_pb_heading_container\"><h2 class=\"et_pb_module_header\">Expertises Juridiques et Strat\u00e9giques<\/h2><\/div><\/div>\n<\/div>\n<\/div>\n<\/div>\n\n<div class=\"et_pb_section_4 et_pb_section et_section_regular et_flex_section\">\n<div class=\"et_pb_row_4 et_pb_row et_flex_row\">\n<div class=\"et_pb_column_6 et_pb_column et-last-child et_flex_column et_pb_css_mix_blend_mode_passthrough et_flex_column_24_24 et_flex_column_24_24_tablet et_flex_column_24_24_phone\">\n<div class=\"et_pb_group_carousel_0 et_pb_group_carousel et_pb_group et_pb_module et_pb_group_carousel_center_mode et_pb_group_carousel_arrows_inside et_pb_group_carousel_dots_left et_pb_group_carousel_dots_below et_pb_group_carousel_slides_3\"><div class=\"et_pb_group_carousel_container\"><div class=\"et_pb_group_carousel_track\"><div class=\"et_pb_group_carousel_slide\"><div class=\"et_pb_group_8 et_pb_group et_pb_module et_flex_group et_pb_css_mix_blend_mode_passthrough et_clickable\">\n<div class=\"et_pb_text_13 et_pb_text et_pb_bg_layout_light et_pb_module et_flex_module\"><div class=\"et_pb_text_inner\"><p style=\"text-align: center;\">Propri\u00e9t\u00e9 intellectuelle<\/p>\n<p style=\"text-align: center;\">et industrielle<\/p>\n<\/div><\/div>\n<\/div><\/div><div class=\"et_pb_group_carousel_slide\"><div class=\"et_pb_group_9 et_pb_group et_pb_module et_flex_group et_pb_css_mix_blend_mode_passthrough et_clickable\">\n<div class=\"et_pb_text_14 et_pb_text et_pb_bg_layout_light et_pb_module et_flex_module\"><div class=\"et_pb_text_inner\"><p style=\"text-align: center;\"><span>Fiscalit\u00e9<\/span><\/p>\n<\/div><\/div>\n<\/div><\/div><div class=\"et_pb_group_carousel_slide\"><div class=\"et_pb_group_10 et_pb_group et_pb_module et_flex_group et_pb_css_mix_blend_mode_passthrough et_clickable\">\n<div class=\"et_pb_text_15 et_pb_text et_pb_bg_layout_light et_pb_module et_flex_module\"><div class=\"et_pb_text_inner\"><p>Accompagnement<\/p>\n<p>des entreprises<\/p>\n<\/div><\/div>\n<\/div><\/div><div class=\"et_pb_group_carousel_slide\"><div class=\"et_pb_group_11 et_pb_group et_pb_module et_flex_group et_pb_css_mix_blend_mode_passthrough et_clickable\">\n<div class=\"et_pb_text_16 et_pb_text et_pb_bg_layout_light et_pb_module et_flex_module\"><div class=\"et_pb_text_inner\"><p>Accompagnement<\/p>\n<p>contractuel<\/p>\n<\/div><\/div>\n<\/div><\/div><div class=\"et_pb_group_carousel_slide\"><div class=\"et_pb_group_12 et_pb_group et_pb_module et_flex_group et_pb_css_mix_blend_mode_passthrough et_clickable\">\n<div class=\"et_pb_text_17 et_pb_text et_pb_bg_layout_light et_pb_module et_flex_module\"><div class=\"et_pb_text_inner\"><p>Accompagnement<\/p>\n<p>social<\/p>\n<\/div><\/div>\n<\/div><\/div><div class=\"et_pb_group_carousel_slide\"><div class=\"et_pb_group_13 et_pb_group et-last-child et_pb_module et_flex_group et_pb_css_mix_blend_mode_passthrough et_clickable\">\n<div class=\"et_pb_text_18 et_pb_text et_pb_bg_layout_light et_pb_module et_flex_module\"><div class=\"et_pb_text_inner\"><p>Accompagnement<\/p>\n<p>patrimonial<\/p>\n<\/div><\/div>\n<\/div><\/div><\/div><\/div><span class=\"et_pb_group_carousel_arrow et_pb_group_carousel_arrow_prev\" role=\"button\" tabindex=\"0\" aria-label=\"Previous slide\"><span class=\"et-pb-icon\">4<\/span><\/span><span class=\"et_pb_group_carousel_arrow et_pb_group_carousel_arrow_next\" role=\"button\" tabindex=\"0\" aria-label=\"Next slide\"><span class=\"et-pb-icon\">5<\/span><\/span><div class=\"et_pb_group_carousel_dots\"><\/div><\/div>\n<\/div>\n<\/div>\n<\/div>\n\n<div class=\"et_pb_section_5 et_pb_section et_section_regular et_block_section\">\n<div class=\"et_pb_row_5 et_pb_row et_flex_row\">\n<div class=\"et_pb_column_7 et_pb_column et_flex_column et_pb_css_mix_blend_mode_passthrough et_flex_column_2_5 et_flex_column_2_5_tablet et_flex_column_24_24_phone\">\n<div class=\"et_pb_heading_2 et_pb_heading et_pb_module et_block_module preset--module--divi-heading--f0c675ea-2574-4d0e-b725-30f8550a8550\"><div class=\"et_pb_heading_container\"><h4 class=\"et_pb_module_header\">Actualit\u00e9s<\/h4><\/div><\/div>\n\n<div class=\"et_pb_heading_3 et_pb_heading et_pb_module et_block_module preset--module--divi-heading--c33f07d9-41e0-421a-8799-5799df695cce\"><div class=\"et_pb_heading_container\"><h2 class=\"et_pb_module_header\">D\u00e9crypter pour mieux d\u00e9cider<\/h2><\/div><\/div>\n<\/div>\n\n<div class=\"et_pb_column_8 et_pb_column et-last-child et_flex_column et_pb_css_mix_blend_mode_passthrough et_flex_column_3_5 et_flex_column_3_5_tablet et_flex_column_24_24_phone\">\n<div class=\"et_pb_group_14 et_pb_group et_pb_module et_grid_group et_pb_css_mix_blend_mode_passthrough\">\n<div class=\"et_pb_text_19 et_pb_text et_pb_bg_layout_light et_pb_module et_flex_module\"><div class=\"et_pb_text_inner\"><p><b>Prochainement\u00a0<\/b><\/p>\n<\/div><\/div>\n\n<div class=\"et_pb_image_0 et_pb_image et_pb_module et_block_module\"><span class=\"et_pb_image_wrap\"><img loading=\"lazy\" decoding=\"async\" src=\"https:\/\/mcconseils.fr\/wp-content\/uploads\/2026\/03\/mika-baumeister-_Y5jvYypnZA-unsplash-scaled.jpg\" title=\"mika-baumeister-_Y5jvYypnZA-unsplash\" width=\"2560\" height=\"1707\" srcset=\"https:\/\/mcconseils.fr\/wp-content\/uploads\/2026\/03\/mika-baumeister-_Y5jvYypnZA-unsplash-scaled.jpg 2560w, https:\/\/mcconseils.fr\/wp-content\/uploads\/2026\/03\/mika-baumeister-_Y5jvYypnZA-unsplash-1280x854.jpg 1280w, https:\/\/mcconseils.fr\/wp-content\/uploads\/2026\/03\/mika-baumeister-_Y5jvYypnZA-unsplash-980x653.jpg 980w, https:\/\/mcconseils.fr\/wp-content\/uploads\/2026\/03\/mika-baumeister-_Y5jvYypnZA-unsplash-480x320.jpg 480w\" sizes=\"(min-width: 0px) and (max-width: 480px) 480px, (min-width: 481px) and (max-width: 980px) 980px, (min-width: 981px) and (max-width: 1280px) 1280px, (min-width: 1281px) 2560px, 100vw\" class=\"wp-image-483\" \/><\/span><\/div>\n<\/div>\n\n<div class=\"et_pb_group_15 et_pb_group et_pb_module et_grid_group et_pb_css_mix_blend_mode_passthrough\">\n<div class=\"et_pb_text_20 et_pb_text et_pb_bg_layout_light et_pb_module et_flex_module\"><div class=\"et_pb_text_inner\"><p><b>Prochainement\u00a0<\/b><\/p>\n<\/div><\/div>\n\n<div class=\"et_pb_image_1 et_pb_image et_pb_module et_block_module\"><span class=\"et_pb_image_wrap\"><img loading=\"lazy\" decoding=\"async\" src=\"https:\/\/mcconseils.fr\/wp-content\/uploads\/2026\/03\/taras-shypka-iFSvn82XfGo-unsplash-scaled.jpg\" title=\"taras-shypka-iFSvn82XfGo-unsplash\" width=\"2560\" height=\"1707\" srcset=\"https:\/\/mcconseils.fr\/wp-content\/uploads\/2026\/03\/taras-shypka-iFSvn82XfGo-unsplash-scaled.jpg 2560w, https:\/\/mcconseils.fr\/wp-content\/uploads\/2026\/03\/taras-shypka-iFSvn82XfGo-unsplash-1280x854.jpg 1280w, https:\/\/mcconseils.fr\/wp-content\/uploads\/2026\/03\/taras-shypka-iFSvn82XfGo-unsplash-980x653.jpg 980w, https:\/\/mcconseils.fr\/wp-content\/uploads\/2026\/03\/taras-shypka-iFSvn82XfGo-unsplash-480x320.jpg 480w\" sizes=\"(min-width: 0px) and (max-width: 480px) 480px, (min-width: 481px) and (max-width: 980px) 980px, (min-width: 981px) and (max-width: 1280px) 1280px, (min-width: 1281px) 2560px, 100vw\" class=\"wp-image-485\" \/><\/span><\/div>\n<\/div>\n\n<div class=\"et_pb_group_16 et_pb_group et-last-child et_pb_module et_grid_group et_pb_css_mix_blend_mode_passthrough\">\n<div class=\"et_pb_text_21 et_pb_text et_pb_bg_layout_light et_pb_module et_flex_module\"><div class=\"et_pb_text_inner\"><p><b>Prochainement\u00a0<\/b><\/p>\n<\/div><\/div>\n\n<div class=\"et_pb_image_2 et_pb_image et_pb_module et_block_module\"><span class=\"et_pb_image_wrap\"><img loading=\"lazy\" decoding=\"async\" src=\"https:\/\/mcconseils.fr\/wp-content\/uploads\/2026\/03\/ashni-ePWaAwUn80k-unsplash-scaled.jpg\" title=\"ashni-ePWaAwUn80k-unsplash\" width=\"2560\" height=\"2314\" srcset=\"https:\/\/mcconseils.fr\/wp-content\/uploads\/2026\/03\/ashni-ePWaAwUn80k-unsplash-scaled.jpg 2560w, https:\/\/mcconseils.fr\/wp-content\/uploads\/2026\/03\/ashni-ePWaAwUn80k-unsplash-1280x1157.jpg 1280w, https:\/\/mcconseils.fr\/wp-content\/uploads\/2026\/03\/ashni-ePWaAwUn80k-unsplash-980x886.jpg 980w, https:\/\/mcconseils.fr\/wp-content\/uploads\/2026\/03\/ashni-ePWaAwUn80k-unsplash-480x434.jpg 480w\" sizes=\"(min-width: 0px) and (max-width: 480px) 480px, (min-width: 481px) and (max-width: 980px) 980px, (min-width: 981px) and (max-width: 1280px) 1280px, (min-width: 1281px) 2560px, 100vw\" class=\"wp-image-488\" \/><\/span><\/div>\n<\/div>\n<\/div>\n<\/div>\n<\/div>\n\n<div class=\"et_pb_section_6 et_pb_section et_section_regular et_flex_section\">\n<div class=\"et_pb_row_6 et_pb_row et_flex_row\">\n<div class=\"et_pb_column_9 et_pb_column et-last-child et_flex_column et_pb_css_mix_blend_mode_passthrough et_flex_column_24_24 et_flex_column_24_24_tablet et_flex_column_24_24_phone\">\n<div class=\"et_pb_divider_0 et_pb_divider_hidden et_pb_space et_pb_divider_position_top et_pb_module\"><div class=\"et_pb_divider_internal\"><\/div><\/div>\n<\/div>\n<\/div>\n<\/div>\n\n<div class=\"et_pb_section_7 et_pb_section et_section_regular et_block_section section_has_divider et_pb_top_divider\"><div class=\"et_pb_top_inside_divider et-no-transition\"><\/div>\n<div class=\"et_pb_row_7 et_pb_row et_block_row preset--module--divi-row--5138c454-be54-4233-bd3b-f8e6a8747976\">\n<div class=\"et_pb_column_10 et_pb_column et_pb_column_4_4 et-last-child et_block_column et_pb_css_mix_blend_mode_passthrough preset--module--divi-column--73121f80-a3ef-4484-8763-c3f18e3c56d2\">\n<div class=\"et_pb_heading_4 et_pb_heading et_pb_module et_block_module preset--module--divi-heading--ddeb8c09-9078-4424-bc15-2efb6572e28e\"><div class=\"et_pb_heading_container\"><h1 class=\"et_pb_module_header\">Contactez-Nous<\/h1><\/div><\/div>\n<\/div>\n<\/div>\n\n<div class=\"et_pb_row_8 et_pb_row et_block_row preset--module--divi-row--5138c454-be54-4233-bd3b-f8e6a8747976\">\n<div class=\"et_pb_column_11 et_pb_column et_pb_column_3_5 et_block_column et_pb_css_mix_blend_mode_passthrough preset--module--divi-column--73121f80-a3ef-4484-8763-c3f18e3c56d2\">\n<div class=\"et_pb_contact_form_0 et_pb_contact_form_container clearfix et_pb_module et_flex_module preset--module--divi-contact-form--347de7c5-8eec-4fb2-89ad-e07c220a4ead\" data-form_unique_num=\"0\" data-form_unique_id=\"07f460a4-c29b-4c25-b075-266e21548b80\" id=\"et_pb_contact_form_07f460a4-c29b-4c25-b075-266e21548b80\"><div class=\"et-pb-contact-message\"><\/div><div class=\"et_pb_contact\"><form class=\"et_pb_contact_form et_flex_module\" method=\"post\" action=\"https:\/\/mcconseils.fr\/uk\/wp-json\/wp\/v2\/pages\/186\">\n<div class=\"et_pb_contact_field_0 et_pb_contact_field et_pb_module et_flex_module et_flex_column_24_24 et_flex_column_24_24_tablet et_flex_column_24_24_phone\" data-id=\"name\" data-type=\"input\"><label class=\"et_pb_contact_form_label\" for=\"et_pb_contact_0_name_0\">Nom, Pr\u00e9nom<\/label><input type=\"text\" name=\"et_pb_contact_0_name_0\" id=\"et_pb_contact_0_name_0\" class=\"input\" data-required_mark=\"required\" data-field_type=\"input\" data-original_id=\"name\" placeholder=\"Nom, Pr\u00e9nom\" title=\"\" value=\"\" \/><\/div>\n\n<div class=\"et_pb_contact_field_1 et_pb_contact_field et_pb_module et_flex_module et_flex_column_24_24 et_flex_column_24_24_tablet et_flex_column_24_24_phone\" data-id=\"email\" data-type=\"email\"><label class=\"et_pb_contact_form_label\" for=\"et_pb_contact_0_email_1\">Adresse mail<\/label><input type=\"text\" name=\"et_pb_contact_0_email_1\" id=\"et_pb_contact_0_email_1\" class=\"input\" data-required_mark=\"required\" data-field_type=\"email\" data-original_id=\"email\" placeholder=\"Adresse mail\" title=\"\" value=\"\" \/><\/div>\n\n<div class=\"et_pb_contact_field_2 et_pb_contact_field et_pb_module et_flex_module et_flex_column_24_24 et_flex_column_24_24_tablet et_flex_column_24_24_phone\" data-id=\"phone\" data-type=\"input\"><label class=\"et_pb_contact_form_label\" for=\"et_pb_contact_0_phone_2\">Num\u00e9ro de t\u00e9l\u00e9hphone<\/label><input type=\"text\" name=\"et_pb_contact_0_phone_2\" id=\"et_pb_contact_0_phone_2\" class=\"input\" data-required_mark=\"required\" data-field_type=\"input\" data-original_id=\"phone\" placeholder=\"Num\u00e9ro de t\u00e9l\u00e9hphone\" pattern=\"[0-9\\s\\-]*\" title=\"Only numbers allowed.\" value=\"\" \/><\/div>\n\n<div class=\"et_pb_contact_field_3 et_pb_contact_field et_pb_module et_flex_module et_flex_column_24_24 et_flex_column_24_24_tablet et_flex_column_24_24_phone\" data-id=\"message_2\" data-type=\"select\"><label class=\"et_pb_contact_form_label\" for=\"et_pb_contact_0_message_2_3\">Droit concern\u00e9 ?<\/label><select name=\"et_pb_contact_0_message_2_3\" id=\"et_pb_contact_0_message_2_3\" class=\"et_pb_contact_select input\" data-required_mark=\"required\" data-field_type=\"select\" data-original_id=\"message_2\"><option value=\"\">Droit concern\u00e9 ?<\/option><option value=\"Fiscalit\u00e9 \" data-id=\"\">Fiscalit\u00e9 <\/option><option value=\"Accompagnement des entreprises\" data-id=\"\">Accompagnement des entreprises<\/option><option value=\"Accompagnement contractuel\" data-id=\"\">Accompagnement contractuel<\/option><option value=\"Accompagnement social\" data-id=\"\">Accompagnement social<\/option><option value=\"Propri\u00e9t\u00e9 intellectuelle et industrielle\" data-id=\"\">Propri\u00e9t\u00e9 intellectuelle et industrielle<\/option><option value=\"Accompagnement patrimonial\" data-id=\"\">Accompagnement patrimonial<\/option><\/select><\/div>\n\n<div class=\"et_pb_contact_field_4 et_pb_contact_field et_pb_module et_flex_module et_flex_column_24_24 et_flex_column_24_24_tablet et_flex_column_24_24_phone\" data-id=\"message_2_2\" data-type=\"text\"><label class=\"et_pb_contact_form_label\" for=\"et_pb_contact_0_message_2_2_4\">D\u00e9crivez nous plus pr\u00e9cis\u00e9ment votre besoin ?<\/label><textarea name=\"et_pb_contact_0_message_2_2_4\" id=\"et_pb_contact_0_message_2_2_4\" class=\"et_pb_contact_message input\" data-required_mark=\"required\" data-field_type=\"text\" data-original_id=\"message_2_2\" placeholder=\"D\u00e9crivez nous plus pr\u00e9cis\u00e9ment votre besoin ?\"><\/textarea><\/div>\n<input type=\"hidden\" name=\"et_pb_contactform_submit_07f460a4-c29b-4c25-b075-266e21548b80\" value=\"et_contact_proccess\" \/><div class=\"et_contact_bottom_container\"><div class=\"et_pb_contact_right et_pb_contact_field\"><p class=\"clearfix\"><span class=\"et_pb_contact_captcha_question\">15 + 15<\/span> = <input type=\"text\" size=\"2\" class=\"input et_pb_contact_captcha\" data-first_digit=\"15\" data-second_digit=\"15\" data-required_mark=\"required\" name=\"et_pb_contact_captcha_07f460a4-c29b-4c25-b075-266e21548b80\" autocomplete=\"off\" \/><\/p><\/div><div class=\"et_pb_button_wrapper\"><button type=\"submit\" name=\"et_builder_submit_button\" class=\"et_pb_button et_pb_contact_submit\">Envoyer<\/button><\/div><\/div><input type=\"hidden\" id=\"_wpnonce-et-pb-contact-form-submitted-07f460a4-c29b-4c25-b075-266e21548b80\" name=\"_wpnonce-et-pb-contact-form-submitted-07f460a4-c29b-4c25-b075-266e21548b80\" value=\"c158b905be\" \/><input type=\"hidden\" name=\"_wp_http_referer\" value=\"\/uk\/wp-json\/wp\/v2\/pages\/186\" \/><\/form><\/div><\/div>\n<\/div>\n\n<div class=\"et_pb_column_12 et_pb_column et_pb_column_2_5 et-last-child et_block_column et_pb_column_empty et_pb_css_mix_blend_mode_passthrough preset--module--divi-column--73121f80-a3ef-4484-8763-c3f18e3c56d2\"><\/div>\n<\/div>\n<\/div>","protected":false},"excerpt":{"rendered":"","protected":false},"author":1,"featured_media":0,"parent":0,"menu_order":0,"comment_status":"closed","ping_status":"closed","template":"","meta":{"footnotes":""},"class_list":["post-186","page","type-page","status-publish","hentry"],"aioseo_notices":[],"_hostinger_reach_plugin_has_subscription_block":false,"_hostinger_reach_plugin_is_elementor":false,"_links":{"self":[{"href":"https:\/\/mcconseils.fr\/uk\/wp-json\/wp\/v2\/pages\/186","targetHints":{"allow":["GET"]}}],"collection":[{"href":"https:\/\/mcconseils.fr\/uk\/wp-json\/wp\/v2\/pages"}],"about":[{"href":"https:\/\/mcconseils.fr\/uk\/wp-json\/wp\/v2\/types\/page"}],"author":[{"embeddable":true,"href":"https:\/\/mcconseils.fr\/uk\/wp-json\/wp\/v2\/users\/1"}],"replies":[{"embeddable":true,"href":"https:\/\/mcconseils.fr\/uk\/wp-json\/wp\/v2\/comments?post=186"}],"version-history":[{"count":136,"href":"https:\/\/mcconseils.fr\/uk\/wp-json\/wp\/v2\/pages\/186\/revisions"}],"predecessor-version":[{"id":634,"href":"https:\/\/mcconseils.fr\/uk\/wp-json\/wp\/v2\/pages\/186\/revisions\/634"}],"wp:attachment":[{"href":"https:\/\/mcconseils.fr\/uk\/wp-json\/wp\/v2\/media?parent=186"}],"curies":[{"name":"wp","href":"https:\/\/api.w.org\/{rel}","templated":true}]}}