{"id":66,"date":"2026-03-01T18:07:35","date_gmt":"2026-03-01T18:07:35","guid":{"rendered":"https:\/\/mcconseils.fr\/?page_id=66"},"modified":"2026-03-16T21:24:28","modified_gmt":"2026-03-16T21:24:28","slug":"expertises","status":"publish","type":"page","link":"https:\/\/mcconseils.fr\/uk\/expertises\/","title":{"rendered":"Expertise"},"content":{"rendered":"<div class=\"et_pb_section_0 et_pb_section et_section_regular et_block_section et_pb_section_parallax\"><span class=\"et-pb-parallax-wrapper\"><span class=\"et-pb-parallax-background et-pb-parallax-background-module--divi-section-0\" style=\"background-image:url(https:\/\/mcconseils.fr\/wp-content\/uploads\/2026\/03\/pexels-fauxels-3183150-scaled.jpg)\"><\/span><span class=\"et_parallax_gradient\" style=\"background-image:linear-gradient(180deg, rgba(0, 0, 0, 0.33) 0%,rgba(0, 0, 0, 0.37) 100% 100%)\"><\/span><\/span><\/div>\n\n<div class=\"et_pb_section_1 et_pb_section et_section_regular et_flex_section\">\n<div class=\"et_pb_row_0 et_pb_row et_block_row preset--module--divi-row--5138c454-be54-4233-bd3b-f8e6a8747976\">\n<div class=\"et_pb_column_0 et_pb_column et_pb_column_4_4 et-last-child et_block_column et_pb_css_mix_blend_mode_passthrough preset--module--divi-column--73121f80-a3ef-4484-8763-c3f18e3c56d2\">\n<div class=\"et_pb_heading_0 et_pb_heading et_pb_module et_block_module preset--module--divi-heading--f0c675ea-2574-4d0e-b725-30f8550a8550\"><div class=\"et_pb_heading_container\"><h4 class=\"et_pb_module_header\">Our expertise<\/h4><\/div><\/div>\n\n<div class=\"et_pb_heading_1 et_pb_heading et_pb_module et_block_module preset--module--divi-heading--c33f07d9-41e0-421a-8799-5799df695cce\"><div class=\"et_pb_heading_container\"><h2 class=\"et_pb_module_header\">We are here for you<\/h2><\/div><\/div>\n<\/div>\n<\/div>\n<\/div>\n\n<div class=\"et_pb_section_2 et_pb_section et_section_regular et_flex_section\">\n<div class=\"et_pb_row_1 et_pb_row et_flex_row\">\n<div class=\"et_pb_column_1 et_pb_column et-last-child et_flex_column et_pb_css_mix_blend_mode_passthrough et_flex_column_24_24 et_flex_column_24_24_tablet et_flex_column_24_24_phone\">\n<div class=\"et_pb_text_0 et_pb_text et_pb_bg_layout_light et_pb_module et_flex_module\"><div class=\"et_pb_text_inner\"><p>MC Conseils becomes involved upstream of significant operations and decisions in order to provide\nan overall perspective, identify key issues, and prepare the conditions for secure implementation.<\/p>\n<\/div><\/div>\n<\/div>\n<\/div>\n<\/div>\n\n<div class=\"et_pb_section_3 et_pb_section et_section_regular et_flex_section\">\n<div class=\"et_pb_row_2 et_pb_row et_flex_row\">\n<div class=\"et_pb_column_2 et_pb_column et-last-child et_flex_column et_pb_css_mix_blend_mode_passthrough et_flex_column_24_24 et_flex_column_24_24_tablet et_flex_column_24_24_phone\">\n<div class=\"et_pb_accordion_0 et_pb_accordion et_pb_module et_flex_module\">\n<div class=\"et_pb_accordion_item_0 et_pb_accordion_item et_pb_toggle et_pb_module et_pb_toggle_open et_flex_module\"><h5 class=\"et_pb_toggle_title\">1. Situation Analysis<\/h5><div class=\"et_pb_toggle_content et_flex_module\"><p>Each engagement begins with a phase of attentive listening and in-depth study. We analyze your personal, financial, and professional environment, identify legal, tax, and organizational issues, and put the pursued objectives into perspective. <strong>d\u2019\u00e9coute<\/strong> et d\u2019\u00e9tude approfondie. Nous <strong>analysons<\/strong> votre environnement personnel, patrimonial et professionnel, <strong>identifions<\/strong> les probl\u00e9matiques juridiques, fiscales et organisationnelles, et mettons en perspective les objectifs poursuivis.<\/p>\n<\/div><\/div>\n\n<div class=\"et_pb_accordion_item_1 et_pb_accordion_item et_pb_toggle et_pb_module et_pb_toggle_close et_flex_module\"><h5 class=\"et_pb_toggle_title\">2. Structuring<\/h5><div class=\"et_pb_toggle_content et_flex_module\"><p>We formalize the various options available and their implications. This step aims to enable you to make an informed decision before any regulated technical intervention. <strong>formalisons<\/strong> les diff\u00e9rentes options envisageables ainsi que leurs implications. Cette \u00e9tape a pour objectif de vous permettre de <strong>prendre<\/strong> une d\u00e9cision \u00e9clair\u00e9e avant toute intervention technique <strong>r\u00e9glement\u00e9e<\/strong>.<\/p>\n<\/div><\/div>\n\n<div class=\"et_pb_accordion_item_2 et_pb_accordion_item et_pb_toggle et_pb_module et_pb_toggle_close et_flex_module\"><h5 class=\"et_pb_toggle_title\">3. Coordination<\/h5><div class=\"et_pb_toggle_content et_flex_module\"><p>When implementation requires specific actions, our firm collaborates with the relevant regulated professionals to ensure execution that is coherent, secure, and tailored to your situation. <strong>n\u00e9cessite<\/strong> des actes sp\u00e9cifiques, notre structure travaille en lien avec les <strong>professionnels<\/strong> r\u00e9glement\u00e9s comp\u00e9tents afin <strong>d\u2019assurer<\/strong> une ex\u00e9cution coh\u00e9rente, <strong>s\u00e9curis\u00e9e<\/strong> et <strong>adapt\u00e9e<\/strong> \u00e0 votre situation.<\/p>\n<\/div><\/div>\n<\/div>\n<\/div>\n<\/div>\n<\/div>\n\n<div class=\"et_pb_section_4 et_pb_section et_section_regular et_flex_section\">\n<div class=\"et_pb_row_3 et_pb_row et_flex_row\">\n<div class=\"et_pb_column_3 et_pb_column et_flex_column et_pb_css_mix_blend_mode_passthrough et_flex_column_12_24 et_flex_column_12_24_tablet et_flex_column_24_24_phone\">\n<div class=\"et_pb_group_0 et_pb_group et_pb_module et_flex_group et_pb_css_mix_blend_mode_passthrough et_clickable et_flex_column_24_24 et_flex_column_24_24_tablet et_flex_column_24_24_phone\">\n<div class=\"et_pb_text_1 et_pb_text et_pb_bg_layout_light et_pb_module et_flex_module\"><div class=\"et_pb_text_inner\"><p>Taxation<\/p>\n<\/div><\/div>\n\n<div class=\"et_pb_icon_0 et_pb_icon et_pb_module et_flex_module\"><span class=\"et_pb_icon_wrap\"><span class=\"et-pb-icon\">=<\/span><\/span><\/div>\n<\/div>\n\n<div class=\"et_pb_group_1 et_pb_group et_pb_module et_flex_group et_pb_css_mix_blend_mode_passthrough et_clickable et_flex_column_24_24 et_flex_column_24_24_tablet et_flex_column_24_24_phone\">\n<div class=\"et_pb_text_2 et_pb_text et_pb_bg_layout_light et_pb_module et_flex_module\"><div class=\"et_pb_text_inner\"><p>Private wealth advisory<\/p>\n<p>contract<\/p>\n<\/div><\/div>\n\n<div class=\"et_pb_icon_1 et_pb_icon et_pb_module et_flex_module\"><span class=\"et_pb_icon_wrap\"><span class=\"et-pb-icon\">=<\/span><\/span><\/div>\n<\/div>\n\n<div class=\"et_pb_group_2 et_pb_group et-last-child et_pb_module et_flex_group et_pb_css_mix_blend_mode_passthrough et_clickable et_flex_column_24_24 et_flex_column_24_24_tablet et_flex_column_24_24_phone\">\n<div class=\"et_pb_text_3 et_pb_text et_pb_bg_layout_light et_pb_module et_flex_module\"><div class=\"et_pb_text_inner\" data-et-mv-hidden-phone=\"true\"><p>Intellectual and industrial property<\/p>\n<p>intellectuelle et industrielle<\/p>\n<\/div><\/div>\n\n<div class=\"et_pb_icon_2 et_pb_icon et_pb_module et_flex_module\"><span class=\"et_pb_icon_wrap\"><span class=\"et-pb-icon\">=<\/span><\/span><\/div>\n<\/div>\n<\/div>\n\n<div class=\"et_pb_column_4 et_pb_column et-last-child et_flex_column et_pb_css_mix_blend_mode_passthrough et_flex_column_12_24 et_flex_column_12_24_tablet et_flex_column_24_24_phone\">\n<div class=\"et_pb_text_4 et_pb_text et_pb_bg_layout_light et_pb_module et_flex_module\">\n<div class=\"et_pb_group_3 et_pb_group et_pb_module et_flex_group et_pb_css_mix_blend_mode_passthrough et_clickable et_flex_column_24_24 et_flex_column_24_24_tablet et_flex_column_24_24_phone\">\n<div class=\"et_pb_text_5 et_pb_text et_pb_bg_layout_light et_pb_module et_flex_module\"><div class=\"et_pb_text_inner\"><p>Private wealth advisory<\/p>\n<p>of companies<\/p>\n<\/div><\/div>\n\n<div class=\"et_pb_icon_3 et_pb_icon et_pb_module et_flex_module\"><span class=\"et_pb_icon_wrap\"><span class=\"et-pb-icon\">=<\/span><\/span><\/div>\n<\/div>\n\n<div class=\"et_pb_group_4 et_pb_group et_pb_module et_flex_group et_pb_css_mix_blend_mode_passthrough et_clickable et_flex_column_24_24 et_flex_column_24_24_tablet et_flex_column_24_24_phone\">\n<div class=\"et_pb_text_6 et_pb_text et_pb_bg_layout_light et_pb_module et_flex_module\"><div class=\"et_pb_text_inner\"><p>Private wealth advisory<\/p>\n<p>social<\/p>\n<\/div><\/div>\n\n<div class=\"et_pb_icon_4 et_pb_icon et_pb_module et_flex_module\"><span class=\"et_pb_icon_wrap\"><span class=\"et-pb-icon\">=<\/span><\/span><\/div>\n<\/div>\n\n<div class=\"et_pb_group_5 et_pb_group et-last-child et_pb_module et_flex_group et_pb_css_mix_blend_mode_passthrough et_clickable et_flex_column_24_24 et_flex_column_24_24_tablet et_flex_column_24_24_phone\">\n<div class=\"et_pb_text_7 et_pb_text et_pb_bg_layout_light et_pb_module et_flex_module\"><div class=\"et_pb_text_inner\"><p>Private wealth advisory<\/p>\n<p>heritage<\/p>\n<\/div><\/div>\n\n<div class=\"et_pb_icon_5 et_pb_icon et_pb_module et_flex_module\"><span class=\"et_pb_icon_wrap\"><span class=\"et-pb-icon\">=<\/span><\/span><\/div>\n<\/div>\n<\/div>\n<\/div>\n<\/div>\n<\/div>","protected":false},"excerpt":{"rendered":"","protected":false},"author":1,"featured_media":0,"parent":0,"menu_order":0,"comment_status":"closed","ping_status":"closed","template":"","meta":{"footnotes":""},"class_list":["post-66","page","type-page","status-publish","hentry"],"aioseo_notices":[],"_hostinger_reach_plugin_has_subscription_block":false,"_hostinger_reach_plugin_is_elementor":false,"_links":{"self":[{"href":"https:\/\/mcconseils.fr\/uk\/wp-json\/wp\/v2\/pages\/66","targetHints":{"allow":["GET"]}}],"collection":[{"href":"https:\/\/mcconseils.fr\/uk\/wp-json\/wp\/v2\/pages"}],"about":[{"href":"https:\/\/mcconseils.fr\/uk\/wp-json\/wp\/v2\/types\/page"}],"author":[{"embeddable":true,"href":"https:\/\/mcconseils.fr\/uk\/wp-json\/wp\/v2\/users\/1"}],"replies":[{"embeddable":true,"href":"https:\/\/mcconseils.fr\/uk\/wp-json\/wp\/v2\/comments?post=66"}],"version-history":[{"count":29,"href":"https:\/\/mcconseils.fr\/uk\/wp-json\/wp\/v2\/pages\/66\/revisions"}],"predecessor-version":[{"id":607,"href":"https:\/\/mcconseils.fr\/uk\/wp-json\/wp\/v2\/pages\/66\/revisions\/607"}],"wp:attachment":[{"href":"https:\/\/mcconseils.fr\/uk\/wp-json\/wp\/v2\/media?parent=66"}],"curies":[{"name":"wp","href":"https:\/\/api.w.org\/{rel}","templated":true}]}}